{"id":3,"date":"2026-01-13T13:38:22","date_gmt":"2026-01-13T13:38:22","guid":{"rendered":"http:\/\/www.creonarchitecture.com\/?page_id=3"},"modified":"2026-01-15T22:37:55","modified_gmt":"2026-01-15T22:37:55","slug":"privacy-policy","status":"publish","type":"page","link":"https:\/\/www.creonarchitecture.com\/index.php\/privacy-policy\/","title":{"rendered":"Privacy Policy"},"content":{"rendered":"[et_pb_section fb_built=\u00a0\u00bb1&Prime; admin_label=\u00a0\u00bbsection\u00a0\u00bb _builder_version=\u00a0\u00bb4.16&Prime; global_colors_info=\u00a0\u00bb{}\u00a0\u00bb][et_pb_row admin_label=\u00a0\u00bbrow\u00a0\u00bb _builder_version=\u00a0\u00bb4.16&Prime; background_size=\u00a0\u00bbinitial\u00a0\u00bb background_position=\u00a0\u00bbtop_left\u00a0\u00bb background_repeat=\u00a0\u00bbrepeat\u00a0\u00bb global_colors_info=\u00a0\u00bb{}\u00a0\u00bb][et_pb_column type=\u00a0\u00bb4_4&Prime; _builder_version=\u00a0\u00bb4.16&Prime; custom_padding=\u00a0\u00bb|||\u00a0\u00bb global_colors_info=\u00a0\u00bb{}\u00a0\u00bb custom_padding__hover=\u00a0\u00bb|||\u00a0\u00bb][et_pb_text admin_label=\u00a0\u00bbText\u00a0\u00bb _builder_version=\u00a0\u00bb4.16&Prime; background_size=\u00a0\u00bbinitial\u00a0\u00bb background_position=\u00a0\u00bbtop_left\u00a0\u00bb background_repeat=\u00a0\u00bbrepeat\u00a0\u00bb global_colors_info=\u00a0\u00bb{}\u00a0\u00bb]<p><\/p>\n<h1 class=\"wp-block-heading\">MENTIONS L\u00c9GALES &amp; POLITIQUE DE CONFIDENTIALIT\u00c9<\/h1>\n<h2><\/h2>\n<h2>MENTIONS L\u00c9GALES<\/h2>\n<h3>\u00c9diteur du site<\/h3>\n<p><strong>Cr\u00e9on Architecture<\/strong><br \/>9 rue Marchande<br \/>72000 Le Mans<br \/>France<\/p>\n<p><strong>T\u00e9l\u00e9phone :<\/strong> 06 10 68 08 01<br \/><strong>Email :<\/strong> contact@aplusb72.com<br \/><strong>Forme juridique :<\/strong> [\u00c0 compl\u00e9ter : SAS, SARL, etc.]<br \/><strong>Capital social :<\/strong> [\u00c0 compl\u00e9ter]<br \/><strong>SIRET :<\/strong> [\u00c0 compl\u00e9ter]<br \/><strong>N\u00b0 TVA intracommunautaire :<\/strong> [\u00c0 compl\u00e9ter]<\/p>\n<p><strong>Directeur de la publication :<\/strong> [Nom du dirigeant &#8211; Julien ou Tony]<\/p>\n<h3><\/h3>\n<h3>H\u00e9bergement du site<\/h3>\n<p><strong>Nom de l&rsquo;h\u00e9bergeur :<\/strong> OVH\u00a0<\/p>\n<h3><\/h3>\n<h3>Propri\u00e9t\u00e9 intellectuelle<\/h3>\n<p>L&rsquo;ensemble des contenus pr\u00e9sents sur ce site (textes, images, graphismes, logo, ic\u00f4nes, sons, logiciels, etc.) est la propri\u00e9t\u00e9 exclusive de Cr\u00e9on Architecture ou de ses partenaires, et est prot\u00e9g\u00e9 par les lois fran\u00e7aises et internationales relatives \u00e0 la propri\u00e9t\u00e9 intellectuelle.<\/p>\n<p>Toute reproduction, repr\u00e9sentation, modification, publication, transmission, d\u00e9naturation, totale ou partielle du site ou de son contenu, par quelque proc\u00e9d\u00e9 que ce soit, et sur quelque support que ce soit est interdite sans l&rsquo;autorisation \u00e9crite pr\u00e9alable de Cr\u00e9on Architecture.<\/p>\n<p>Toute exploitation non autoris\u00e9e du site ou de l&rsquo;un quelconque des \u00e9l\u00e9ments qu&rsquo;il contient sera consid\u00e9r\u00e9e comme constitutive d&rsquo;une contrefa\u00e7on et poursuivie conform\u00e9ment aux dispositions des articles L.335-2 et suivants du Code de Propri\u00e9t\u00e9 Intellectuelle.<\/p>\n<h3><\/h3>\n<h3>Cr\u00e9dits photographiques<\/h3>\n<p>Les photographies et visuels pr\u00e9sents sur ce site sont la propri\u00e9t\u00e9 de Cr\u00e9on Architecture ou ont \u00e9t\u00e9 acquis aupr\u00e8s de banques d&rsquo;images libres de droits. Toute utilisation non autoris\u00e9e est strictement interdite.<\/p>\n<h3><\/h3>\n<h3>Limitation de responsabilit\u00e9<\/h3>\n<p>Cr\u00e9on Architecture s&rsquo;efforce d&rsquo;assurer l&rsquo;exactitude et la mise \u00e0 jour des informations diffus\u00e9es sur ce site. Toutefois, Cr\u00e9on Architecture ne peut garantir l&rsquo;exactitude, la pr\u00e9cision ou l&rsquo;exhaustivit\u00e9 des informations mises \u00e0 disposition sur ce site.<\/p>\n<p>En cons\u00e9quence, Cr\u00e9on Architecture d\u00e9cline toute responsabilit\u00e9 :<\/p>\n<ul>\n<li>Pour toute impr\u00e9cision, inexactitude ou omission portant sur des informations disponibles sur le site<\/li>\n<li>Pour tous dommages r\u00e9sultant d&rsquo;une intrusion frauduleuse d&rsquo;un tiers ayant entra\u00een\u00e9 une modification des informations mises \u00e0 disposition sur le site<\/li>\n<li>Et de mani\u00e8re g\u00e9n\u00e9rale, pour tous dommages, directs ou indirects, quelles qu&rsquo;en soient les causes, origines, natures ou cons\u00e9quences, provoqu\u00e9s \u00e0 raison de l&rsquo;acc\u00e8s de quiconque au site ou de l&rsquo;impossibilit\u00e9 d&rsquo;y acc\u00e9der<\/li>\n<\/ul>\n<h3><\/h3>\n<h3>Liens hypertextes<\/h3>\n<p>Le site peut contenir des liens hypertextes vers d&rsquo;autres sites. Cr\u00e9on Architecture ne dispose d&rsquo;aucun moyen de contr\u00f4le sur le contenu de ces sites et d\u00e9cline toute responsabilit\u00e9 quant au contenu ou aux pratiques de confidentialit\u00e9 de ces sites tiers.<\/p>\n<p>La cr\u00e9ation de liens hypertextes vers le site www.[votresite].fr n\u00e9cessite une autorisation pr\u00e9alable \u00e9crite de Cr\u00e9on Architecture.<\/p>\n<h3><\/h3>\n<h3>Droit applicable et juridiction comp\u00e9tente<\/h3>\n<p>Les pr\u00e9sentes mentions l\u00e9gales sont soumises au droit fran\u00e7ais. En cas de litige et \u00e0 d\u00e9faut d&rsquo;accord amiable, le litige sera port\u00e9 devant les tribunaux fran\u00e7ais comp\u00e9tents.<\/p>\n<h2><\/h2>\n<h2>POLITIQUE DE CONFIDENTIALIT\u00c9<\/h2>\n<p><strong>Derni\u00e8re mise \u00e0 jour : 15\/01\/2026<\/strong><\/p>\n<p>Cr\u00e9on Architecture accorde une grande importance \u00e0 la protection de vos donn\u00e9es personnelles. La pr\u00e9sente politique de confidentialit\u00e9 a pour objectif de vous informer sur la mani\u00e8re dont nous collectons, utilisons et prot\u00e9geons vos donn\u00e9es dans le respect du R\u00e8glement G\u00e9n\u00e9ral sur la Protection des Donn\u00e9es (RGPD).<\/p>\n<h3><\/h3>\n<h3>1. Responsable du traitement des donn\u00e9es<\/h3>\n<p><strong>Cr\u00e9on Architecture<\/strong><br \/>9 rue Marchande<br \/>72000 Le Mans<br \/>France<br \/>Email : contact@aplusb72.com<br \/>T\u00e9l\u00e9phone : 06 10 68 08 01<\/p>\n<h3><\/h3>\n<h3>2. Donn\u00e9es collect\u00e9es<\/h3>\n<h4>2.1 Donn\u00e9es collect\u00e9es directement<\/h4>\n<p>Lorsque vous utilisez notre site ou nos services, nous pouvons collecter les donn\u00e9es personnelles suivantes :<\/p>\n<ul>\n<li><strong>Identit\u00e9<\/strong> : nom, pr\u00e9nom<\/li>\n<li><strong>Coordonn\u00e9es<\/strong> : adresse email, num\u00e9ro de t\u00e9l\u00e9phone, adresse postale<\/li>\n<li><strong>Informations de projet<\/strong> : description de votre projet, budget pr\u00e9visionnel, localisation<\/li>\n<li><strong>Donn\u00e9es de navigation<\/strong> : adresse IP, type de navigateur, pages consult\u00e9es, dur\u00e9e de visite<\/li>\n<\/ul>\n<h4>2.2 Formulaires de contact et demande de devis<\/h4>\n<p>Les informations recueillies via nos formulaires de contact sont :<\/p>\n<ul>\n<li>Nom et pr\u00e9nom<\/li>\n<li>Email<\/li>\n<li>T\u00e9l\u00e9phone<\/li>\n<li>Message et informations relatives \u00e0 votre projet<\/li>\n<\/ul>\n<p>Ces donn\u00e9es sont n\u00e9cessaires pour traiter votre demande et vous recontacter.<\/p>\n<h3><\/h3>\n<h3>3. Finalit\u00e9s du traitement<\/h3>\n<p>Vos donn\u00e9es personnelles sont collect\u00e9es et trait\u00e9es pour les finalit\u00e9s suivantes :<\/p>\n<ul>\n<li><strong>Gestion des demandes de contact<\/strong> : r\u00e9pondre \u00e0 vos questions et demandes de renseignements<\/li>\n<li><strong>Devis et propositions commerciales<\/strong> : \u00e9tablir des devis personnalis\u00e9s et vous accompagner dans votre projet<\/li>\n<li><strong>Gestion de la relation client<\/strong> : suivi des projets, facturation, service apr\u00e8s-vente<\/li>\n<li><strong>Communication marketing<\/strong> : vous informer de nos actualit\u00e9s, nouveaux services et r\u00e9alisations (uniquement avec votre consentement)<\/li>\n<li><strong>Am\u00e9lioration de notre site<\/strong> : analyse de fr\u00e9quentation et am\u00e9lioration de l&rsquo;exp\u00e9rience utilisateur<\/li>\n<li><strong>Obligations l\u00e9gales<\/strong> : respecter nos obligations l\u00e9gales et r\u00e9glementaires (comptabilit\u00e9, fiscalit\u00e9)<\/li>\n<\/ul>\n<h3><\/h3>\n<h3>4. Base l\u00e9gale du traitement<\/h3>\n<p>Nous traitons vos donn\u00e9es personnelles sur les bases l\u00e9gales suivantes :<\/p>\n<ul>\n<li><strong>Ex\u00e9cution d&rsquo;un contrat<\/strong> : pour r\u00e9pondre \u00e0 vos demandes et g\u00e9rer nos relations commerciales<\/li>\n<li><strong>Consentement<\/strong> : pour l&rsquo;envoi de communications marketing (vous pouvez retirer votre consentement \u00e0 tout moment)<\/li>\n<li><strong>Int\u00e9r\u00eat l\u00e9gitime<\/strong> : pour am\u00e9liorer nos services et assurer la s\u00e9curit\u00e9 de notre site<\/li>\n<li><strong>Obligation l\u00e9gale<\/strong> : pour respecter nos obligations comptables et fiscales<\/li>\n<\/ul>\n<h3><\/h3>\n<h3>5. Destinataires des donn\u00e9es<\/h3>\n<p>Vos donn\u00e9es personnelles sont destin\u00e9es aux services internes de Cr\u00e9on Architecture (commercial, administratif, direction).<\/p>\n<p>Elles peuvent \u00e9galement \u00eatre transmises \u00e0 :<\/p>\n<ul>\n<li><strong>Prestataires techniques<\/strong> : h\u00e9bergeur du site, service d&#8217;emailing (dans le strict respect du RGPD)<\/li>\n<li><strong>Partenaires contractuels<\/strong> : uniquement dans le cadre de la r\u00e9alisation de votre projet et avec votre accord<\/li>\n<li><strong>Autorit\u00e9s l\u00e9gales<\/strong> : en cas d&rsquo;obligation l\u00e9gale ou de demande judiciaire<\/li>\n<\/ul>\n<p>Nous ne vendons ni ne louons vos donn\u00e9es personnelles \u00e0 des tiers.<\/p>\n<h3><\/h3>\n<h3>6. Dur\u00e9e de conservation<\/h3>\n<p>Vos donn\u00e9es personnelles sont conserv\u00e9es pendant la dur\u00e9e n\u00e9cessaire aux finalit\u00e9s pour lesquelles elles sont trait\u00e9es :<\/p>\n<ul>\n<li><strong>Demandes de contact non suivies d&rsquo;effet<\/strong> : 3 ans<\/li>\n<li><strong>Clients et projets en cours<\/strong> : pendant toute la dur\u00e9e de la relation contractuelle<\/li>\n<li><strong>Apr\u00e8s fin de la relation commerciale<\/strong> : donn\u00e9es conserv\u00e9es conform\u00e9ment aux obligations l\u00e9gales (10 ans pour les donn\u00e9es comptables)<\/li>\n<li><strong>Donn\u00e9es de navigation<\/strong> : 13 mois maximum<\/li>\n<\/ul>\n<p>\u00c0 l&rsquo;issue de ces dur\u00e9es, vos donn\u00e9es sont supprim\u00e9es ou anonymis\u00e9es.<\/p>\n<h3><\/h3>\n<h3>7. S\u00e9curit\u00e9 des donn\u00e9es<\/h3>\n<p>Cr\u00e9on Architecture met en \u0153uvre toutes les mesures techniques et organisationnelles appropri\u00e9es pour prot\u00e9ger vos donn\u00e9es personnelles contre la destruction accidentelle ou illicite, la perte, l&rsquo;alt\u00e9ration, la divulgation ou l&rsquo;acc\u00e8s non autoris\u00e9.<\/p>\n<p>Les mesures de s\u00e9curit\u00e9 incluent :<\/p>\n<ul>\n<li>H\u00e9bergement s\u00e9curis\u00e9 avec protocole HTTPS<\/li>\n<li>Acc\u00e8s restreint aux donn\u00e9es personnelles<\/li>\n<li>Sauvegardes r\u00e9guli\u00e8res<\/li>\n<li>Sensibilisation de nos collaborateurs \u00e0 la protection des donn\u00e9es<\/li>\n<\/ul>\n<h3><\/h3>\n<h3>8. Vos droits<\/h3>\n<p>Conform\u00e9ment au RGPD, vous disposez des droits suivants concernant vos donn\u00e9es personnelles :<\/p>\n<ul>\n<li><strong>Droit d&rsquo;acc\u00e8s<\/strong> : obtenir la confirmation que vos donn\u00e9es sont trait\u00e9es et acc\u00e9der \u00e0 ces donn\u00e9es<\/li>\n<li><strong>Droit de rectification<\/strong> : corriger vos donn\u00e9es inexactes ou incompl\u00e8tes<\/li>\n<li><strong>Droit \u00e0 l&rsquo;effacement<\/strong> : obtenir la suppression de vos donn\u00e9es dans certains cas<\/li>\n<li><strong>Droit \u00e0 la limitation<\/strong> : demander la limitation du traitement de vos donn\u00e9es<\/li>\n<li><strong>Droit \u00e0 la portabilit\u00e9<\/strong> : recevoir vos donn\u00e9es dans un format structur\u00e9 et couramment utilis\u00e9<\/li>\n<li><strong>Droit d&rsquo;opposition<\/strong> : vous opposer au traitement de vos donn\u00e9es pour des raisons l\u00e9gitimes<\/li>\n<li><strong>Droit de retirer votre consentement<\/strong> : pour les traitements bas\u00e9s sur le consentement<\/li>\n<li><strong>Droit de d\u00e9finir des directives post-mortem<\/strong> : d\u00e9finir le sort de vos donn\u00e9es apr\u00e8s votre d\u00e9c\u00e8s<\/li>\n<\/ul>\n<p>Pour exercer vos droits, vous pouvez nous contacter :<\/p>\n<ul>\n<li><strong>Par email<\/strong> : contact@aplusb72.com<\/li>\n<li><strong>Par courrier<\/strong> : Cr\u00e9on Architecture &#8211; 9 rue Marchande, 72000 Le Mans<\/li>\n<\/ul>\n<p>Nous nous engageons \u00e0 r\u00e9pondre \u00e0 votre demande dans un d\u00e9lai d&rsquo;un mois.<\/p>\n<h3><\/h3>\n<h3>9. Droit de r\u00e9clamation<\/h3>\n<p>Si vous estimez que le traitement de vos donn\u00e9es personnelles constitue une violation de la r\u00e9glementation applicable, vous avez le droit d&rsquo;introduire une r\u00e9clamation aupr\u00e8s de la Commission Nationale de l&rsquo;Informatique et des Libert\u00e9s (CNIL) :<\/p>\n<p><strong>CNIL<\/strong><br \/>3 Place de Fontenoy<br \/>TSA 80715<br \/>75334 Paris Cedex 07<br \/>T\u00e9l\u00e9phone : 01 53 73 22 22<br \/>Site web : www.cnil.fr<\/p>\n<h3><\/h3>\n<h3>10. Cookies<\/h3>\n<p>Notre site utilise des cookies pour am\u00e9liorer votre exp\u00e9rience de navigation et analyser l&rsquo;audience du site.<\/p>\n<h4>10.1 Qu&rsquo;est-ce qu&rsquo;un cookie ?<\/h4>\n<p>Un cookie est un petit fichier texte d\u00e9pos\u00e9 sur votre terminal (ordinateur, smartphone, tablette) lors de la visite d&rsquo;un site web. Il permet de collecter des informations relatives \u00e0 votre navigation.<\/p>\n<h4>10.2 Types de cookies utilis\u00e9s<\/h4>\n<ul>\n<li><strong>Cookies n\u00e9cessaires<\/strong> : essentiels au fonctionnement du site (navigation, acc\u00e8s aux espaces s\u00e9curis\u00e9s)<\/li>\n<li><strong>Cookies analytiques<\/strong> : Google Analytics pour analyser l&rsquo;audience et am\u00e9liorer le site (donn\u00e9es anonymis\u00e9es)<\/li>\n<li><strong>Cookies fonctionnels<\/strong> : m\u00e9morisation de vos pr\u00e9f\u00e9rences (langue, r\u00e9gion)<\/li>\n<\/ul>\n<h4>10.3 Gestion des cookies<\/h4>\n<p>Vous pouvez \u00e0 tout moment configurer votre navigateur pour :<\/p>\n<ul>\n<li>Accepter ou refuser les cookies<\/li>\n<li>\u00catre inform\u00e9 lorsqu&rsquo;un cookie est d\u00e9pos\u00e9<\/li>\n<li>Supprimer les cookies existants<\/li>\n<\/ul>\n<p>La d\u00e9sactivation des cookies peut limiter certaines fonctionnalit\u00e9s du site.<\/p>\n<p><strong>Pour g\u00e9rer les cookies :<\/strong><\/p>\n<ul>\n<li><strong>Chrome<\/strong> : Param\u00e8tres &gt; Confidentialit\u00e9 et s\u00e9curit\u00e9 &gt; Cookies<\/li>\n<li><strong>Firefox<\/strong> : Options &gt; Vie priv\u00e9e et s\u00e9curit\u00e9 &gt; Cookies<\/li>\n<li><strong>Safari<\/strong> : Pr\u00e9f\u00e9rences &gt; Confidentialit\u00e9 &gt; Cookies<\/li>\n<li><strong>Edge<\/strong> : Param\u00e8tres &gt; Confidentialit\u00e9 &gt; Cookies<\/li>\n<\/ul>\n<p>Pour plus d&rsquo;informations sur les cookies : www.cnil.fr\/fr\/cookies-les-outils-pour-les-maitriser<\/p>\n<h3><\/h3>\n<h3>11. Modifications de la politique de confidentialit\u00e9<\/h3>\n<p>Cr\u00e9on Architecture se r\u00e9serve le droit de modifier la pr\u00e9sente politique de confidentialit\u00e9 \u00e0 tout moment. Toute modification sera publi\u00e9e sur cette page avec une nouvelle date de mise \u00e0 jour.<\/p>\n<p>Nous vous invitons \u00e0 consulter r\u00e9guli\u00e8rement cette page pour prendre connaissance des \u00e9ventuelles modifications.<\/p>\n<h3><\/h3>\n<h3>12. Contact<\/h3>\n<p>Pour toute question concernant notre politique de confidentialit\u00e9 ou le traitement de vos donn\u00e9es personnelles, vous pouvez nous contacter :<\/p>\n<p><strong>Cr\u00e9on Architecture<\/strong><br \/>Email : contact@aplusb72.com<br \/>T\u00e9l\u00e9phone : 06 10 68 08 01<br \/>Adresse : 9 rue Marchande, 72000 Le Mans<\/p>\n<p><strong><\/strong><\/p>\n<p><strong>Derni\u00e8re mise \u00e0 jour : 15\/01\/2026<\/strong><\/p>\n<p><\/p>[\/et_pb_text][\/et_pb_column][\/et_pb_row][\/et_pb_section]","protected":false},"excerpt":{"rendered":"<p>MENTIONS L\u00c9GALES &amp; POLITIQUE DE CONFIDENTIALIT\u00c9 MENTIONS L\u00c9GALES \u00c9diteur du site Cr\u00e9on Architecture9 rue Marchande72000 Le MansFrance T\u00e9l\u00e9phone : 06 10 68 08 01Email : contact@aplusb72.comForme juridique : [\u00c0 compl\u00e9ter : SAS, SARL, etc.]Capital social : [\u00c0 compl\u00e9ter]SIRET : [\u00c0 compl\u00e9ter]N\u00b0 TVA intracommunautaire : [\u00c0 compl\u00e9ter] Directeur de la publication : [Nom du dirigeant &#8211; [&hellip;]<\/p>\n","protected":false},"author":1,"featured_media":0,"parent":0,"menu_order":0,"comment_status":"closed","ping_status":"open","template":"","meta":{"_et_pb_use_builder":"on","_et_pb_old_content":"<!-- wp:heading -->\n<h2 class=\"wp-block-heading\">Who we are<\/h2>\n<!-- \/wp:heading -->\n<!-- wp:paragraph -->\n<p><strong class=\"privacy-policy-tutorial\">Suggested text: <\/strong>Our website address is: http:\/\/www.creonarchitecture.com.<\/p>\n<!-- \/wp:paragraph -->\n<!-- wp:heading -->\n<h2 class=\"wp-block-heading\">Comments<\/h2>\n<!-- \/wp:heading -->\n<!-- wp:paragraph -->\n<p><strong class=\"privacy-policy-tutorial\">Suggested text: <\/strong>When visitors leave comments on the site we collect the data shown in the comments form, and also the visitor&#8217;s IP address and browser user agent string to help spam detection.<\/p>\n<!-- \/wp:paragraph -->\n<!-- wp:paragraph -->\n<p>An anonymized string created from your email address (also called a hash) may be provided to the Gravatar service to see if you are using it. The Gravatar service privacy policy is available here: https:\/\/automattic.com\/privacy\/. After approval of your comment, your profile picture is visible to the public in the context of your comment.<\/p>\n<!-- \/wp:paragraph -->\n<!-- wp:heading -->\n<h2 class=\"wp-block-heading\">Media<\/h2>\n<!-- \/wp:heading -->\n<!-- wp:paragraph -->\n<p><strong class=\"privacy-policy-tutorial\">Suggested text: <\/strong>If you upload images to the website, you should avoid uploading images with embedded location data (EXIF GPS) included. Visitors to the website can download and extract any location data from images on the website.<\/p>\n<!-- \/wp:paragraph -->\n<!-- wp:heading -->\n<h2 class=\"wp-block-heading\">Cookies<\/h2>\n<!-- \/wp:heading -->\n<!-- wp:paragraph -->\n<p><strong class=\"privacy-policy-tutorial\">Suggested text: <\/strong>If you leave a comment on our site you may opt-in to saving your name, email address and website in cookies. These are for your convenience so that you do not have to fill in your details again when you leave another comment. These cookies will last for one year.<\/p>\n<!-- \/wp:paragraph -->\n<!-- wp:paragraph -->\n<p>If you visit our login page, we will set a temporary cookie to determine if your browser accepts cookies. This cookie contains no personal data and is discarded when you close your browser.<\/p>\n<!-- \/wp:paragraph -->\n<!-- wp:paragraph -->\n<p>When you log in, we will also set up several cookies to save your login information and your screen display choices. Login cookies last for two days, and screen options cookies last for a year. If you select &quot;Remember Me&quot;, your login will persist for two weeks. If you log out of your account, the login cookies will be removed.<\/p>\n<!-- \/wp:paragraph -->\n<!-- wp:paragraph -->\n<p>If you edit or publish an article, an additional cookie will be saved in your browser. This cookie includes no personal data and simply indicates the post ID of the article you just edited. It expires after 1 day.<\/p>\n<!-- \/wp:paragraph -->\n<!-- wp:heading -->\n<h2 class=\"wp-block-heading\">Embedded content from other websites<\/h2>\n<!-- \/wp:heading -->\n<!-- wp:paragraph -->\n<p><strong class=\"privacy-policy-tutorial\">Suggested text: <\/strong>Articles on this site may include embedded content (e.g. videos, images, articles, etc.). Embedded content from other websites behaves in the exact same way as if the visitor has visited the other website.<\/p>\n<!-- \/wp:paragraph -->\n<!-- wp:paragraph -->\n<p>These websites may collect data about you, use cookies, embed additional third-party tracking, and monitor your interaction with that embedded content, including tracking your interaction with the embedded content if you have an account and are logged in to that website.<\/p>\n<!-- \/wp:paragraph -->\n<!-- wp:heading -->\n<h2 class=\"wp-block-heading\">Who we share your data with<\/h2>\n<!-- \/wp:heading -->\n<!-- wp:paragraph -->\n<p><strong class=\"privacy-policy-tutorial\">Suggested text: <\/strong>If you request a password reset, your IP address will be included in the reset email.<\/p>\n<!-- \/wp:paragraph -->\n<!-- wp:heading -->\n<h2 class=\"wp-block-heading\">How long we retain your data<\/h2>\n<!-- \/wp:heading -->\n<!-- wp:paragraph -->\n<p><strong class=\"privacy-policy-tutorial\">Suggested text: <\/strong>If you leave a comment, the comment and its metadata are retained indefinitely. This is so we can recognize and approve any follow-up comments automatically instead of holding them in a moderation queue.<\/p>\n<!-- \/wp:paragraph -->\n<!-- wp:paragraph -->\n<p>For users that register on our website (if any), we also store the personal information they provide in their user profile. All users can see, edit, or delete their personal information at any time (except they cannot change their username). Website administrators can also see and edit that information.<\/p>\n<!-- \/wp:paragraph -->\n<!-- wp:heading -->\n<h2 class=\"wp-block-heading\">What rights you have over your data<\/h2>\n<!-- \/wp:heading -->\n<!-- wp:paragraph -->\n<p><strong class=\"privacy-policy-tutorial\">Suggested text: <\/strong>If you have an account on this site, or have left comments, you can request to receive an exported file of the personal data we hold about you, including any data you have provided to us. You can also request that we erase any personal data we hold about you. This does not include any data we are obliged to keep for administrative, legal, or security purposes.<\/p>\n<!-- \/wp:paragraph -->\n<!-- wp:heading -->\n<h2 class=\"wp-block-heading\">Where your data is sent<\/h2>\n<!-- \/wp:heading -->\n<!-- wp:paragraph -->\n<p><strong class=\"privacy-policy-tutorial\">Suggested text: <\/strong>Visitor comments may be checked through an automated spam detection service.<\/p>\n<!-- \/wp:paragraph -->\n","_et_gb_content_width":"","footnotes":""},"class_list":["post-3","page","type-page","status-publish","hentry"],"_links":{"self":[{"href":"https:\/\/www.creonarchitecture.com\/index.php\/wp-json\/wp\/v2\/pages\/3","targetHints":{"allow":["GET"]}}],"collection":[{"href":"https:\/\/www.creonarchitecture.com\/index.php\/wp-json\/wp\/v2\/pages"}],"about":[{"href":"https:\/\/www.creonarchitecture.com\/index.php\/wp-json\/wp\/v2\/types\/page"}],"author":[{"embeddable":true,"href":"https:\/\/www.creonarchitecture.com\/index.php\/wp-json\/wp\/v2\/users\/1"}],"replies":[{"embeddable":true,"href":"https:\/\/www.creonarchitecture.com\/index.php\/wp-json\/wp\/v2\/comments?post=3"}],"version-history":[{"count":2,"href":"https:\/\/www.creonarchitecture.com\/index.php\/wp-json\/wp\/v2\/pages\/3\/revisions"}],"predecessor-version":[{"id":318,"href":"https:\/\/www.creonarchitecture.com\/index.php\/wp-json\/wp\/v2\/pages\/3\/revisions\/318"}],"wp:attachment":[{"href":"https:\/\/www.creonarchitecture.com\/index.php\/wp-json\/wp\/v2\/media?parent=3"}],"curies":[{"name":"wp","href":"https:\/\/api.w.org\/{rel}","templated":true}]}}